{"id":1268,"date":"2026-03-17T14:08:07","date_gmt":"2026-03-17T14:08:07","guid":{"rendered":"https:\/\/meatchef.lv\/?post_type=product&#038;p=1268"},"modified":"2026-04-03T18:13:21","modified_gmt":"2026-04-03T18:13:21","slug":"masterclass","status":"publish","type":"product","link":"https:\/\/meatchef.lv\/lv\/products\/masterclass\/","title":{"rendered":"Meistarklase"},"content":{"rendered":"<div class=\"wpb_text_column wpb_content_element \">\n<div class=\"wpb_wrapper\">\n<h2>What to expect?<\/h2>\n<\/div>\n<\/div>\n<div class=\"wpb_text_column wpb_content_element vc_custom_1773320390463\">\n<div class=\"wpb_wrapper\">\n<p>\u2013 A hands-on cooking experience led by a professional chef<br \/>\n\u2013 Three different steaks, three side dishes, and appetizers<br \/>\n\u2013 Dessert, coffee, tea, water<br \/>\n\u2013 A friendly atmosphere and the chance to meet like-minded food lovers<\/p>\n<p>This masterclass is ideal for individual participants or small groups of friends looking to improve their cooking skills while enjoying a great evening together.<\/p>\n<article class=\"text-token-text-primary w-full focus:outline-none [--shadow-height:45px] has-data-writing-block:pointer-events-none has-data-writing-block:-mt-(--shadow-height) has-data-writing-block:pt-(--shadow-height) [&amp;:has([data-writing-block])&gt;*]:pointer-events-auto [content-visibility:auto] supports-[content-visibility:auto]:[contain-intrinsic-size:auto_100lvh] scroll-mt-[calc(var(--header-height)+min(200px,max(70px,20svh)))]\" dir=\"auto\" tabindex=\"-1\" data-turn-id=\"request-691f1be2-22b8-832f-b3ff-4052c5f5edf1-5\" data-testid=\"conversation-turn-18\" data-scroll-anchor=\"true\" data-turn=\"assistant\">\n<div class=\"text-base my-auto mx-auto pb-10 [--thread-content-margin:--spacing(4)] thread-sm:[--thread-content-margin:--spacing(6)] thread-lg:[--thread-content-margin:--spacing(16)] px-(--thread-content-margin)\">\n<div class=\"[--thread-content-max-width:40rem] thread-lg:[--thread-content-max-width:48rem] mx-auto max-w-(--thread-content-max-width) flex-1 group\/turn-messages focus-visible:outline-hidden relative flex w-full min-w-0 flex-col agent-turn\" tabindex=\"-1\">\n<div class=\"flex max-w-full flex-col grow\">\n<div class=\"min-h-8 text-message relative flex w-full flex-col items-end gap-2 text-start break-words whitespace-normal [.text-message+&amp;]:mt-1\" dir=\"auto\" data-message-author-role=\"assistant\" data-message-id=\"0f90cf1f-d1cf-4ada-bee7-0799cc58bc1c\" data-message-model-slug=\"gpt-5-1\">\n<div class=\"flex w-full flex-col gap-1 empty:hidden first:pt-[1px]\">\n<div class=\"markdown prose dark:prose-invert w-full break-words light markdown-new-styling\">\n<p data-start=\"314\" data-end=\"435\" data-is-last-node=\"\" data-is-only-node=\"\"><span style=\"color: #fc0c94;\"><strong data-start=\"314\" data-end=\"435\" data-is-last-node=\"\">Spaces are limited \u2013 apply now to secure your spot. Please note that the masterclass cannot be cancelled or rescheduled.<\/strong><\/span><\/p>\n<\/div>\n<\/div>\n<\/div>\n<\/div>\n<\/div>\n<\/div>\n<\/article>\n<\/div>\n<\/div>\n","protected":false},"excerpt":{"rendered":"<p>Vai v\u0113lies iem\u0101c\u012bties gatavot izcilu steiku un izprast ga\u013cas gatavo\u0161anas nosl\u0113pumus? \u0160aj\u0101 meistarklas\u0113 Meat Chef \u0161efpav\u0101ra vad\u012bb\u0101 uzzin\u0101si, k\u0101 izv\u0113l\u0113ties un sagatavot augst\u0101k\u0101s kvalit\u0101tes ga\u013cu, k\u0101 ar\u012b apg\u016bsi da\u017e\u0101das cep\u0161anas tehnikas, kas pal\u012bdz\u0113s sasniegt perfektu gar\u0161u un sul\u012bgumu.<\/p>","protected":false},"featured_media":1207,"template":"","meta":[],"product_brand":[],"product_cat":[18],"product_tag":[],"class_list":{"0":"post-1268","1":"product","2":"type-product","3":"status-publish","4":"has-post-thumbnail","6":"product_cat-events","8":"first","9":"instock","10":"shipping-taxable","11":"purchasable","12":"product-type-variable"},"yoast_head":"<!-- This site is optimized with the Yoast SEO plugin v23.9 - https:\/\/yoast.com\/wordpress\/plugins\/seo\/ -->\n<title>Masterclass - MeatChef<\/title>\n<meta name=\"description\" content=\"Do you want to learn how to cook the perfect steak and master the secrets of meat preparation? Join our MeatChef masterclass!\" \/>\n<meta name=\"robots\" content=\"index, follow, max-snippet:-1, max-image-preview:large, max-video-preview:-1\" \/>\n<link rel=\"canonical\" href=\"https:\/\/meatchef.lv\/lv\/products\/masterclass\/\" \/>\n<meta property=\"og:locale\" content=\"lv_LV\" \/>\n<meta property=\"og:type\" content=\"article\" \/>\n<meta property=\"og:title\" content=\"Masterclass - MeatChef\" \/>\n<meta property=\"og:description\" content=\"Do you want to learn how to cook the perfect steak and master the secrets of meat preparation? Join our MeatChef masterclass!\" \/>\n<meta property=\"og:url\" content=\"https:\/\/meatchef.lv\/lv\/products\/masterclass\/\" \/>\n<meta property=\"og:site_name\" content=\"MeatChef\" \/>\n<meta property=\"article:publisher\" content=\"http:\/\/facebook.com\/meatchefriga\" \/>\n<meta property=\"article:modified_time\" content=\"2026-04-03T18:13:21+00:00\" \/>\n<meta property=\"og:image\" content=\"https:\/\/meatchef.lv\/wp-content\/uploads\/2026\/02\/web_2026-Meat-Chef-505.jpg\" \/>\n\t<meta property=\"og:image:width\" content=\"1200\" \/>\n\t<meta property=\"og:image:height\" content=\"1800\" \/>\n\t<meta property=\"og:image:type\" content=\"image\/jpeg\" \/>\n<meta name=\"twitter:card\" content=\"summary_large_image\" \/>\n<meta name=\"twitter:label1\" content=\"Est. reading time\" \/>\n\t<meta name=\"twitter:data1\" content=\"1 min\u016bte\" \/>\n<script type=\"application\/ld+json\" class=\"yoast-schema-graph\">{\"@context\":\"https:\/\/schema.org\",\"@graph\":[{\"@type\":\"WebPage\",\"@id\":\"https:\/\/meatchef.lv\/lv\/products\/masterclass\/\",\"url\":\"https:\/\/meatchef.lv\/lv\/products\/masterclass\/\",\"name\":\"Masterclass - MeatChef\",\"isPartOf\":{\"@id\":\"https:\/\/meatchef.lv\/lv\/#website\"},\"primaryImageOfPage\":{\"@id\":\"https:\/\/meatchef.lv\/lv\/products\/masterclass\/#primaryimage\"},\"image\":{\"@id\":\"https:\/\/meatchef.lv\/lv\/products\/masterclass\/#primaryimage\"},\"thumbnailUrl\":\"https:\/\/meatchef.lv\/wp-content\/uploads\/2026\/02\/web_2026-Meat-Chef-505.jpg\",\"datePublished\":\"2026-03-17T14:08:07+00:00\",\"dateModified\":\"2026-04-03T18:13:21+00:00\",\"description\":\"Do you want to learn how to cook the perfect steak and master the secrets of meat preparation? Join our MeatChef masterclass!\",\"breadcrumb\":{\"@id\":\"https:\/\/meatchef.lv\/lv\/products\/masterclass\/#breadcrumb\"},\"inLanguage\":\"lv-LV\",\"potentialAction\":[{\"@type\":\"ReadAction\",\"target\":[\"https:\/\/meatchef.lv\/lv\/products\/masterclass\/\"]}]},{\"@type\":\"ImageObject\",\"inLanguage\":\"lv-LV\",\"@id\":\"https:\/\/meatchef.lv\/lv\/products\/masterclass\/#primaryimage\",\"url\":\"https:\/\/meatchef.lv\/wp-content\/uploads\/2026\/02\/web_2026-Meat-Chef-505.jpg\",\"contentUrl\":\"https:\/\/meatchef.lv\/wp-content\/uploads\/2026\/02\/web_2026-Meat-Chef-505.jpg\",\"width\":1200,\"height\":1800},{\"@type\":\"BreadcrumbList\",\"@id\":\"https:\/\/meatchef.lv\/lv\/products\/masterclass\/#breadcrumb\",\"itemListElement\":[{\"@type\":\"ListItem\",\"position\":1,\"name\":\"Home\",\"item\":\"https:\/\/meatchef.lv\/lv\/\"},{\"@type\":\"ListItem\",\"position\":2,\"name\":\"Shop\",\"item\":\"https:\/\/meatchef.lv\/lv\/shop\/\"},{\"@type\":\"ListItem\",\"position\":3,\"name\":\"Masterclass\"}]},{\"@type\":\"WebSite\",\"@id\":\"https:\/\/meatchef.lv\/lv\/#website\",\"url\":\"https:\/\/meatchef.lv\/lv\/\",\"name\":\"MeatChef\",\"description\":\"Steak Restaurant\",\"publisher\":{\"@id\":\"https:\/\/meatchef.lv\/lv\/#organization\"},\"potentialAction\":[{\"@type\":\"SearchAction\",\"target\":{\"@type\":\"EntryPoint\",\"urlTemplate\":\"https:\/\/meatchef.lv\/lv\/?s={search_term_string}\"},\"query-input\":{\"@type\":\"PropertyValueSpecification\",\"valueRequired\":true,\"valueName\":\"search_term_string\"}}],\"inLanguage\":\"lv-LV\"},{\"@type\":\"Organization\",\"@id\":\"https:\/\/meatchef.lv\/lv\/#organization\",\"name\":\"MeatChef\",\"url\":\"https:\/\/meatchef.lv\/lv\/\",\"logo\":{\"@type\":\"ImageObject\",\"inLanguage\":\"lv-LV\",\"@id\":\"https:\/\/meatchef.lv\/lv\/#\/schema\/logo\/image\/\",\"url\":\"https:\/\/meatchef.lv\/wp-content\/uploads\/2024\/09\/cropped-292330675_606293930786494_3080205190726059403_n.jpg\",\"contentUrl\":\"https:\/\/meatchef.lv\/wp-content\/uploads\/2024\/09\/cropped-292330675_606293930786494_3080205190726059403_n.jpg\",\"width\":512,\"height\":512,\"caption\":\"MeatChef\"},\"image\":{\"@id\":\"https:\/\/meatchef.lv\/lv\/#\/schema\/logo\/image\/\"},\"sameAs\":[\"http:\/\/facebook.com\/meatchefriga\",\"http:\/\/instagram.com\/meatchef.lv\/\"]}]}<\/script>\n<!-- \/ Yoast SEO plugin. -->","yoast_head_json":{"title":"Masterclass - MeatChef","description":"Do you want to learn how to cook the perfect steak and master the secrets of meat preparation? Join our MeatChef masterclass!","robots":{"index":"index","follow":"follow","max-snippet":"max-snippet:-1","max-image-preview":"max-image-preview:large","max-video-preview":"max-video-preview:-1"},"canonical":"https:\/\/meatchef.lv\/lv\/products\/masterclass\/","og_locale":"lv_LV","og_type":"article","og_title":"Masterclass - MeatChef","og_description":"Do you want to learn how to cook the perfect steak and master the secrets of meat preparation? Join our MeatChef masterclass!","og_url":"https:\/\/meatchef.lv\/lv\/products\/masterclass\/","og_site_name":"MeatChef","article_publisher":"http:\/\/facebook.com\/meatchefriga","article_modified_time":"2026-04-03T18:13:21+00:00","og_image":[{"width":1200,"height":1800,"url":"https:\/\/meatchef.lv\/wp-content\/uploads\/2026\/02\/web_2026-Meat-Chef-505.jpg","type":"image\/jpeg"}],"twitter_card":"summary_large_image","twitter_misc":{"Est. reading time":"1 min\u016bte"},"schema":{"@context":"https:\/\/schema.org","@graph":[{"@type":"WebPage","@id":"https:\/\/meatchef.lv\/lv\/products\/masterclass\/","url":"https:\/\/meatchef.lv\/lv\/products\/masterclass\/","name":"Masterclass - MeatChef","isPartOf":{"@id":"https:\/\/meatchef.lv\/lv\/#website"},"primaryImageOfPage":{"@id":"https:\/\/meatchef.lv\/lv\/products\/masterclass\/#primaryimage"},"image":{"@id":"https:\/\/meatchef.lv\/lv\/products\/masterclass\/#primaryimage"},"thumbnailUrl":"https:\/\/meatchef.lv\/wp-content\/uploads\/2026\/02\/web_2026-Meat-Chef-505.jpg","datePublished":"2026-03-17T14:08:07+00:00","dateModified":"2026-04-03T18:13:21+00:00","description":"Do you want to learn how to cook the perfect steak and master the secrets of meat preparation? Join our MeatChef masterclass!","breadcrumb":{"@id":"https:\/\/meatchef.lv\/lv\/products\/masterclass\/#breadcrumb"},"inLanguage":"lv-LV","potentialAction":[{"@type":"ReadAction","target":["https:\/\/meatchef.lv\/lv\/products\/masterclass\/"]}]},{"@type":"ImageObject","inLanguage":"lv-LV","@id":"https:\/\/meatchef.lv\/lv\/products\/masterclass\/#primaryimage","url":"https:\/\/meatchef.lv\/wp-content\/uploads\/2026\/02\/web_2026-Meat-Chef-505.jpg","contentUrl":"https:\/\/meatchef.lv\/wp-content\/uploads\/2026\/02\/web_2026-Meat-Chef-505.jpg","width":1200,"height":1800},{"@type":"BreadcrumbList","@id":"https:\/\/meatchef.lv\/lv\/products\/masterclass\/#breadcrumb","itemListElement":[{"@type":"ListItem","position":1,"name":"Home","item":"https:\/\/meatchef.lv\/lv\/"},{"@type":"ListItem","position":2,"name":"Shop","item":"https:\/\/meatchef.lv\/lv\/shop\/"},{"@type":"ListItem","position":3,"name":"Masterclass"}]},{"@type":"WebSite","@id":"https:\/\/meatchef.lv\/lv\/#website","url":"https:\/\/meatchef.lv\/lv\/","name":"MeatChef","description":"Steak Restaurant","publisher":{"@id":"https:\/\/meatchef.lv\/lv\/#organization"},"potentialAction":[{"@type":"SearchAction","target":{"@type":"EntryPoint","urlTemplate":"https:\/\/meatchef.lv\/lv\/?s={search_term_string}"},"query-input":{"@type":"PropertyValueSpecification","valueRequired":true,"valueName":"search_term_string"}}],"inLanguage":"lv-LV"},{"@type":"Organization","@id":"https:\/\/meatchef.lv\/lv\/#organization","name":"MeatChef","url":"https:\/\/meatchef.lv\/lv\/","logo":{"@type":"ImageObject","inLanguage":"lv-LV","@id":"https:\/\/meatchef.lv\/lv\/#\/schema\/logo\/image\/","url":"https:\/\/meatchef.lv\/wp-content\/uploads\/2024\/09\/cropped-292330675_606293930786494_3080205190726059403_n.jpg","contentUrl":"https:\/\/meatchef.lv\/wp-content\/uploads\/2024\/09\/cropped-292330675_606293930786494_3080205190726059403_n.jpg","width":512,"height":512,"caption":"MeatChef"},"image":{"@id":"https:\/\/meatchef.lv\/lv\/#\/schema\/logo\/image\/"},"sameAs":["http:\/\/facebook.com\/meatchefriga","http:\/\/instagram.com\/meatchef.lv\/"]}]}},"_links":{"self":[{"href":"https:\/\/meatchef.lv\/lv\/wp-json\/wp\/v2\/product\/1268","targetHints":{"allow":["GET"]}}],"collection":[{"href":"https:\/\/meatchef.lv\/lv\/wp-json\/wp\/v2\/product"}],"about":[{"href":"https:\/\/meatchef.lv\/lv\/wp-json\/wp\/v2\/types\/product"}],"wp:featuredmedia":[{"embeddable":true,"href":"https:\/\/meatchef.lv\/lv\/wp-json\/wp\/v2\/media\/1207"}],"wp:attachment":[{"href":"https:\/\/meatchef.lv\/lv\/wp-json\/wp\/v2\/media?parent=1268"}],"wp:term":[{"taxonomy":"product_brand","embeddable":true,"href":"https:\/\/meatchef.lv\/lv\/wp-json\/wp\/v2\/product_brand?post=1268"},{"taxonomy":"product_cat","embeddable":true,"href":"https:\/\/meatchef.lv\/lv\/wp-json\/wp\/v2\/product_cat?post=1268"},{"taxonomy":"product_tag","embeddable":true,"href":"https:\/\/meatchef.lv\/lv\/wp-json\/wp\/v2\/product_tag?post=1268"}],"curies":[{"name":"wp","href":"https:\/\/api.w.org\/{rel}","templated":true}]}}